{"id":8,"date":"2017-08-04T15:20:25","date_gmt":"2017-08-04T15:20:25","guid":{"rendered":"http:\/\/natural-cream.com.ar\/fabrica-de-helados-en-zona-oeste\/?page_id=8"},"modified":"2020-11-06T21:10:22","modified_gmt":"2020-11-06T21:10:22","slug":"quienes-somos","status":"publish","type":"page","link":"https:\/\/natural-cream.com.ar\/fabrica-de-helados-en-zona-oeste\/quienes-somos\/","title":{"rendered":"Nosotros"},"content":{"rendered":"<p>Somos una f\u00e1brica de helados con 50 a\u00f1os de trayectoria en la Zona Oeste del Gran Buenos Aires<\/p>\n<p>Elaboramos cremas heladas con alto nivel de calidad y gran variedad de sabores y productos<\/p>\n<p>Brindamos asesoramiento, equipamiento y carteler\u00eda para la instalaci\u00f3n de helader\u00edas y kioscos<\/p>\n<p>Distribuci\u00f3n mayorista con veh\u00edculos refrigerados propios los 365 d\u00edas del a\u00f1o<\/p>\n<p>Atenci\u00f3n personalizada en gastronom\u00eda para restaurantes, salones de fiestas, empresas de catering, etc.<\/p>\n<p>Por todo ello,<br \/>\n<strong>SOMOS UN PROVEEDOR CONFIABLE!!!<\/strong><\/p>\n<p>*<strong> todos los campos son obligatorios<\/strong><br \/>\n<div id=\"vfb-form-1\" class=\"visual-form-builder-container\"><form id=\"consultas-1\" class=\"visual-form-builder vfb-form-1 \" method=\"post\" enctype=\"multipart\/form-data\">\n\t  \t<input type=\"hidden\" name=\"form_id\" value=\"1\" \/><fieldset class=\"vfb-fieldset vfb-fieldset-1 consultas \" id=\"item-vfb-1\"><div class=\"vfb-legend\"><h3>Consultas:<\/h3><\/div><ul class=\"vfb-section vfb-section-1\"><li class=\"vfb-item vfb-item-text  \" id=\"item-vfb-5\"><label for=\"vfb-5\" class=\"vfb-desc\">Nombre y Apellido: <\/label><input type=\"text\" name=\"vfb-5\" id=\"vfb-5\" value=\"\" class=\"vfb-text  vfb-medium   \" \/><\/li><li class=\"vfb-item vfb-item-text  \" id=\"item-vfb-6\"><label for=\"vfb-6\" class=\"vfb-desc\">Domicilio: <\/label><input type=\"text\" name=\"vfb-6\" id=\"vfb-6\" value=\"\" class=\"vfb-text  vfb-medium   \" \/><\/li><li class=\"vfb-item vfb-item-text  \" id=\"item-vfb-7\"><label for=\"vfb-7\" class=\"vfb-desc\">Localidad: <\/label><input type=\"text\" name=\"vfb-7\" id=\"vfb-7\" value=\"\" class=\"vfb-text  vfb-medium   \" \/><\/li><li class=\"vfb-item vfb-item-text  \" id=\"item-vfb-8\"><label for=\"vfb-8\" class=\"vfb-desc\">Tel\u00e9fono: <\/label><input type=\"text\" name=\"vfb-8\" id=\"vfb-8\" value=\"\" class=\"vfb-text  vfb-medium   \" \/><\/li><li class=\"vfb-item vfb-item-text  \" id=\"item-vfb-9\"><label for=\"vfb-9\" class=\"vfb-desc\">Celular: <\/label><input type=\"text\" name=\"vfb-9\" id=\"vfb-9\" value=\"\" class=\"vfb-text  vfb-medium   \" \/><\/li><li class=\"vfb-item vfb-item-text  \" id=\"item-vfb-10\"><label for=\"vfb-10\" class=\"vfb-desc\">Correo electr\u00f3nico: <\/label><input type=\"text\" name=\"vfb-10\" id=\"vfb-10\" value=\"\" class=\"vfb-text  vfb-medium   \" \/><\/li><li class=\"vfb-item vfb-item-textarea  \" id=\"item-vfb-12\"><label for=\"vfb-12\" class=\"vfb-desc\">Mensaje: <\/label><div><textarea name=\"vfb-12\" id=\"vfb-12\" class=\"vfb-textarea  vfb-medium  \"><\/textarea><\/div><\/li><\/ul>&nbsp;<\/fieldset><fieldset class=\"vfb-fieldset vfb-fieldset-2 verificacion \" id=\"item-vfb-2\" style=\"display:block\"><div class=\"vfb-legend\"><h3>Verificacion<\/h3><\/div><ul class=\"vfb-section vfb-section-2\"><li class=\"vfb-item vfb-item-secret\"  style=\"display:block\"><label for=\"vfb-3\" class=\"vfb-desc\">Por favor ingrese dos digitos <span class=\"vfb-required-asterisk\">*<\/span><\/label><input type=\"hidden\" name=\"_vfb-secret\" value=\"vfb-3\" \/><span class=\"vfb-span\"><input type=\"text\" name=\"vfb-3\" id=\"vfb-3\" value=\"\" class=\"vfb-text  vfb-medium  required {digits:true,maxlength:2,minlength:2} \" style=\"display:block\" \/><label>Ejemplo: 12<\/label><\/span><li style=\"display:none;\"><label>Esta caja es para protecci\u00f3n contra el spam - &lt;strong&gt;por favor d\u00e9jalo en blanco&lt;\/strong&gt;:<\/label><div><input name=\"vfb-spam\" \/><\/div><\/li>\n\t\t\t<li class=\"vfb-item vfb-item-submit\" id=\"item-vfb-4\">\n\t\t\t\t<input type=\"submit\" name=\"vfb-submit\" id=\"vfb-4\" value=\"Enviar\" class=\"vfb-submit \" \/>\n\t\t\t\t<\/li><\/ul>\n\t\t\t<\/fieldset><input type=\"hidden\" name=\"_wp_http_referer\" value=\"\/fabrica-de-helados-en-zona-oeste\/wp-json\/wp\/v2\/pages\/8\" \/><\/form><\/div> <!-- .visual-form-builder-container --><\/p>\n","protected":false},"excerpt":{"rendered":"<p>Somos una f\u00e1brica de helados con 50 a\u00f1os de trayectoria en la Zona Oeste del Gran Buenos Aires Elaboramos cremas heladas con alto nivel de calidad y gran variedad de sabores y productos Brindamos asesoramiento, equipamiento y carteler\u00eda para la instalaci\u00f3n de helader\u00edas y kioscos Distribuci\u00f3n mayorista con veh\u00edculos refrigerados propios los 365 d\u00edas del [&hellip;]<\/p>\n","protected":false},"author":1,"featured_media":0,"parent":0,"menu_order":0,"comment_status":"closed","ping_status":"closed","template":"","meta":{"footnotes":""},"class_list":["post-8","page","type-page","status-publish","hentry"],"aioseo_notices":[],"_links":{"self":[{"href":"https:\/\/natural-cream.com.ar\/fabrica-de-helados-en-zona-oeste\/wp-json\/wp\/v2\/pages\/8"}],"collection":[{"href":"https:\/\/natural-cream.com.ar\/fabrica-de-helados-en-zona-oeste\/wp-json\/wp\/v2\/pages"}],"about":[{"href":"https:\/\/natural-cream.com.ar\/fabrica-de-helados-en-zona-oeste\/wp-json\/wp\/v2\/types\/page"}],"author":[{"embeddable":true,"href":"https:\/\/natural-cream.com.ar\/fabrica-de-helados-en-zona-oeste\/wp-json\/wp\/v2\/users\/1"}],"replies":[{"embeddable":true,"href":"https:\/\/natural-cream.com.ar\/fabrica-de-helados-en-zona-oeste\/wp-json\/wp\/v2\/comments?post=8"}],"version-history":[{"count":4,"href":"https:\/\/natural-cream.com.ar\/fabrica-de-helados-en-zona-oeste\/wp-json\/wp\/v2\/pages\/8\/revisions"}],"predecessor-version":[{"id":197,"href":"https:\/\/natural-cream.com.ar\/fabrica-de-helados-en-zona-oeste\/wp-json\/wp\/v2\/pages\/8\/revisions\/197"}],"wp:attachment":[{"href":"https:\/\/natural-cream.com.ar\/fabrica-de-helados-en-zona-oeste\/wp-json\/wp\/v2\/media?parent=8"}],"curies":[{"name":"wp","href":"https:\/\/api.w.org\/{rel}","templated":true}]}}