{"id":36,"date":"2017-08-04T18:15:55","date_gmt":"2017-08-04T18:15:55","guid":{"rendered":"http:\/\/natural-cream.com.ar\/fabrica-de-helados-en-zona-oeste\/?page_id=36"},"modified":"2017-12-15T14:42:22","modified_gmt":"2017-12-15T14:42:22","slug":"venta-mayorista","status":"publish","type":"page","link":"https:\/\/natural-cream.com.ar\/fabrica-de-helados-en-zona-oeste\/venta-mayorista\/","title":{"rendered":"Venta Mayorista"},"content":{"rendered":"<ul>\n<li>Distribuci\u00f3n mayorista de helados para supermercados, minimercados, \u00a0almacenes, etc.<\/li>\n<li>Distribuidora de helados impulsivos, palitos helados, tacitas y conos helados para kioscos, drugstores, salones fiesta, etc.<\/li>\n<li>Entrega y distribuci\u00f3n de los helados a domicilio los 365 d\u00edas del a\u00f1o de manera permanente en veh\u00edculos refrigerados propios.<\/li>\n<li>Distribuci\u00f3n de helados en todo el Gran Buenos Aires, zonas aleda\u00f1as y costa Atl\u00e1ntica.<\/li>\n<\/ul>\n<p><strong><br \/>\nAtenci\u00f3n Gastron\u00f3mica<\/strong><\/p>\n<ul>\n<li>Atencion a resturantes, confiter\u00edas, bares<\/li>\n<li>Atencion especial para empresas de catering para eventos, salones fiesta, etc<\/li>\n<li>Productos porcionados individuales listos para servir con excelente presentaci\u00f3n<\/li>\n<li>Entrega a domicilio permanente en veh\u00edculos refrigerados propios<\/li>\n<\/ul>\n<p>&nbsp;<\/p>\n","protected":false},"excerpt":{"rendered":"<p>Distribuci\u00f3n mayorista de helados para supermercados, minimercados, \u00a0almacenes, etc. Distribuidora de helados impulsivos, palitos helados, tacitas y conos helados para kioscos, drugstores, salones fiesta, etc. Entrega y distribuci\u00f3n de los helados a domicilio los 365 d\u00edas del a\u00f1o de manera permanente en veh\u00edculos refrigerados propios. Distribuci\u00f3n de helados en todo el Gran Buenos Aires, zonas [&hellip;]<\/p>\n","protected":false},"author":1,"featured_media":0,"parent":0,"menu_order":0,"comment_status":"closed","ping_status":"closed","template":"","meta":{"footnotes":""},"class_list":["post-36","page","type-page","status-publish","hentry"],"aioseo_notices":[],"_links":{"self":[{"href":"https:\/\/natural-cream.com.ar\/fabrica-de-helados-en-zona-oeste\/wp-json\/wp\/v2\/pages\/36"}],"collection":[{"href":"https:\/\/natural-cream.com.ar\/fabrica-de-helados-en-zona-oeste\/wp-json\/wp\/v2\/pages"}],"about":[{"href":"https:\/\/natural-cream.com.ar\/fabrica-de-helados-en-zona-oeste\/wp-json\/wp\/v2\/types\/page"}],"author":[{"embeddable":true,"href":"https:\/\/natural-cream.com.ar\/fabrica-de-helados-en-zona-oeste\/wp-json\/wp\/v2\/users\/1"}],"replies":[{"embeddable":true,"href":"https:\/\/natural-cream.com.ar\/fabrica-de-helados-en-zona-oeste\/wp-json\/wp\/v2\/comments?post=36"}],"version-history":[{"count":4,"href":"https:\/\/natural-cream.com.ar\/fabrica-de-helados-en-zona-oeste\/wp-json\/wp\/v2\/pages\/36\/revisions"}],"predecessor-version":[{"id":76,"href":"https:\/\/natural-cream.com.ar\/fabrica-de-helados-en-zona-oeste\/wp-json\/wp\/v2\/pages\/36\/revisions\/76"}],"wp:attachment":[{"href":"https:\/\/natural-cream.com.ar\/fabrica-de-helados-en-zona-oeste\/wp-json\/wp\/v2\/media?parent=36"}],"curies":[{"name":"wp","href":"https:\/\/api.w.org\/{rel}","templated":true}]}}